{"id":2091,"date":"2025-01-17T09:38:35","date_gmt":"2025-01-17T09:38:35","guid":{"rendered":"https:\/\/carbobasalt-composites.pt\/wp\/?page_id=2091"},"modified":"2025-11-11T15:57:25","modified_gmt":"2025-11-11T15:57:25","slug":"cbg-composites-gmbh-historia-inovacao-e-sustentabilidade","status":"publish","type":"page","link":"https:\/\/carbobasalt-composites.pt\/wp\/cbg-composites-gmbh-historia-inovacao-e-sustentabilidade\/","title":{"rendered":"A f\u00e1brica"},"content":{"rendered":"\n<p><\/p>\n\n\n\n<p class=\"has-text-color has-link-color has-large-font-size wp-elements-b89d43730eb4af9e1bb45d6f7c4c23d1\" style=\"color:#7d7c7c\"><strong>CBG Composites GmbH: hist\u00f3ria, inova\u00e7\u00e3o e sustentabilidade<\/strong><\/p>\n\n\n\n<p><p style=\"text-align: justify\">A CBG Composites GmbH tem as suas ra\u00edzes em 1920, quando foi fundada pela fam\u00edlia Bisterfeld em Wipperf\u00fcrth, Alemanha. Inicialmente, produzia produtos baseados em resinas refor\u00e7adas mecanicamente. A empresa permaneceu sob gest\u00e3o das fam\u00edlias Bisterfeld e Stolting at\u00e9 1968, quando foi adquirida pela Polyclad Europe GmbH, ampliando sua atua\u00e7\u00e3o para laminados de vidro direcionados \u00e0s ind\u00fastrias el\u00e9trica e de semicondutores.<span style=\"font-size: revert;\"> Em 2014, a empresa passou a operar sob o nome CBG Composites GmbH, integrando o \u00a0lifeRock | group e entrando em uma nova fase de inova\u00e7\u00e3o. O portef\u00f3lio foi otimizado e expandido com o desenvolvimento de pain\u00e9is comp\u00f3sitos inovadores baseados em basalto. Estes pain\u00e9is sandu\u00edche, ultraleves e resistentes ao fogo, oferecem propriedades de isolamento ac\u00fastico e t\u00e9rmico, sendo amplamente utilizados na constru\u00e7\u00e3o naval, setores offshore e arquitetura. O desenvolvimento de tecnologias endot\u00e9rmicas patenteadas consolidou o papel da CBG Composites GmbH como refer\u00eancia em inova\u00e7\u00e3o industrial.<\/span><\/p><\/p>\n\n\n\n<p><p style=\"text-align: justify\">A f\u00e1brica da CBG Composites GmbH est\u00e1 localizada num parque natural em Wipperf\u00fcrth, cercada por um rio e vastos espa\u00e7os verdes. Com uma \u00e1rea de 4.000 m\u00b2, conta com dois edif\u00edcios principais: um hist\u00f3rico, constru\u00eddo na d\u00e9cada de 1910 e utilizado para armazenamento e testes, e outro, mais moderno, dos anos 1980, onde est\u00e3o situadas as \u00e1reas de administra\u00e7\u00e3o e produ\u00e7\u00e3o. Ao longo de sua hist\u00f3ria, o local foi palco de v\u00e1rias atividades industriais, desde a produ\u00e7\u00e3o de materiais para linhas de comboio at\u00e9 a fabrica\u00e7\u00e3o de resinas ep\u00f3xi e comp\u00f3sitos para empresas americanas.<\/p><\/p>\n\n\n\n<p><p style=\"text-align: justify\">Desde 2014, sob a lideran\u00e7a de Dr. Eng. Valeriy Panov, a CBG Composites GmbH introduziu tecnologias inovadoras como o CBG SeaPan\u00ae, direcionado para a constru\u00e7\u00e3o naval, e o CBG EasyPan\u00ae100, criado durante a pandemia da Covid-19 para atender \u00e0 constru\u00e7\u00e3o civil. A empresa valoriza a criatividade e a busca por solu\u00e7\u00f5es fora dos m\u00e9todos convencionais, acreditando que cada desafio \u00e9 uma oportunidade de crescimento.<\/p><\/p>\n\n\n\n<p><p style=\"text-align: justify\">Atualmente, a CBG Composites GmbH conta com uma equipa multicultural, que apesar das diferen\u00e7as culturais, encontram um ambiente familiar e colaborativo na empresa. Essa uni\u00e3o reflete a ess\u00eancia da CBG Composites GmbH: uma combina\u00e7\u00e3o de inova\u00e7\u00e3o, dedica\u00e7\u00e3o e respeito ao meio ambiente.<\/p><\/p>\n\n\n\n<p><p style=\"text-align: justify\">Comprometida com a sustentabilidade, a CBG Composites GmbH adota pr\u00e1ticas respons\u00e1veis em todas as etapas de produ\u00e7\u00e3o. Com a certifica\u00e7\u00e3o ISO 9001:2015, a empresa prioriza o uso de mat\u00e9rias-primas naturais, o design ecol\u00f3gico de seus produtos e a redu\u00e7\u00e3o cont\u00ednua das emiss\u00f5es de CO<sup>2<\/sup>. Localizada em um parque natural, a preserva\u00e7\u00e3o ambiental n\u00e3o \u00e9 apenas uma prioridade local, mas um objetivo global.<\/p><\/p>\n\n\n\n<p><p style=\"text-align: justify\">Em 2024, a f\u00e1brica alargou a sua atua\u00e7\u00e3o para o mercado portugu\u00eas, come\u00e7ando a comercializar os seus produtos atrav\u00e9s da CarboBasalt Composites.<\/p><\/p>\n\n\n\n<p><p style=\"text-align: justify\">Com mais de um s\u00e9culo de hist\u00f3ria, a CBG Composites GmbH continua a destacar-se pela inova\u00e7\u00e3o tecnol\u00f3gica, responsabilidade ambiental e capacidade de adapta\u00e7\u00e3o \u00e0s demandas dos setores de constru\u00e7\u00e3o, engenharia e arquitetura. Unindo tradi\u00e7\u00e3o e modernidade, a empresa segue comprometida com um futuro sustent\u00e1vel.<\/p><\/p>\n\n\n\n<p><strong>A f\u00e1brica em Wipperf\u00fcrth, na Alemanha<\/strong>.<\/p>\n\n\n\n<div class=\"wp-block-columns is-layout-flex wp-container-core-columns-is-layout-9d6595d7 wp-block-columns-is-layout-flex\">\n<div class=\"wp-block-column is-layout-flow wp-block-column-is-layout-flow\" style=\"flex-basis:100%\">\n<figure class=\"wp-block-image size-full\"><img loading=\"lazy\" decoding=\"async\" width=\"750\" height=\"350\" src=\"https:\/\/carbobasalt-composites.pt\/wp\/wp-content\/uploads\/2025\/07\/Sub-menus-1.png\" alt=\"\" class=\"wp-image-3512\" srcset=\"https:\/\/carbobasalt-composites.pt\/wp\/wp-content\/uploads\/2025\/07\/Sub-menus-1.png 750w, https:\/\/carbobasalt-composites.pt\/wp\/wp-content\/uploads\/2025\/07\/Sub-menus-1-300x140.png 300w\" sizes=\"auto, (max-width: 706px) 89vw, (max-width: 767px) 82vw, 740px\" \/><\/figure>\n<\/div>\n<\/div>\n\n\n\n<hr class=\"wp-block-separator has-alpha-channel-opacity is-style-wide\"\/>\n\n\n\n<p class=\"has-small-font-size\"><sup>\u00a9<\/sup>Todos os direitos reservados.<\/p>\n\n\n\n<p><\/p>\n","protected":false},"excerpt":{"rendered":"<p>CBG Composites GmbH: hist\u00f3ria, inova\u00e7\u00e3o e sustentabilidade A CBG Composites GmbH tem as suas ra\u00edzes em 1920, quando foi fundada pela fam\u00edlia Bisterfeld em Wipperf\u00fcrth, Alemanha. Inicialmente, produzia produtos baseados em resinas refor\u00e7adas mecanicamente. A empresa permaneceu sob gest\u00e3o das fam\u00edlias Bisterfeld e Stolting at\u00e9 1968, quando foi adquirida pela Polyclad Europe GmbH, ampliando sua &hellip; <\/p>\n<p class=\"link-more\"><a href=\"https:\/\/carbobasalt-composites.pt\/wp\/cbg-composites-gmbh-historia-inovacao-e-sustentabilidade\/\" class=\"more-link\">Continuar a ler <span class=\"screen-reader-text\">&#8220;A f\u00e1brica&#8221;<\/span><\/a><\/p>\n","protected":false},"author":2,"featured_media":0,"parent":0,"menu_order":0,"comment_status":"closed","ping_status":"closed","template":"","meta":{"_joinchat":[],"footnotes":""},"class_list":["post-2091","page","type-page","status-publish","hentry"],"_links":{"self":[{"href":"https:\/\/carbobasalt-composites.pt\/wp\/wp-json\/wp\/v2\/pages\/2091","targetHints":{"allow":["GET"]}}],"collection":[{"href":"https:\/\/carbobasalt-composites.pt\/wp\/wp-json\/wp\/v2\/pages"}],"about":[{"href":"https:\/\/carbobasalt-composites.pt\/wp\/wp-json\/wp\/v2\/types\/page"}],"author":[{"embeddable":true,"href":"https:\/\/carbobasalt-composites.pt\/wp\/wp-json\/wp\/v2\/users\/2"}],"replies":[{"embeddable":true,"href":"https:\/\/carbobasalt-composites.pt\/wp\/wp-json\/wp\/v2\/comments?post=2091"}],"version-history":[{"count":31,"href":"https:\/\/carbobasalt-composites.pt\/wp\/wp-json\/wp\/v2\/pages\/2091\/revisions"}],"predecessor-version":[{"id":4114,"href":"https:\/\/carbobasalt-composites.pt\/wp\/wp-json\/wp\/v2\/pages\/2091\/revisions\/4114"}],"wp:attachment":[{"href":"https:\/\/carbobasalt-composites.pt\/wp\/wp-json\/wp\/v2\/media?parent=2091"}],"curies":[{"name":"wp","href":"https:\/\/api.w.org\/{rel}","templated":true}]}}